{"id":3672,"date":"2023-12-14T15:42:01","date_gmt":"2023-12-14T13:42:01","guid":{"rendered":"https:\/\/www.epes-lb.org\/formulaire-de-parrainage\/"},"modified":"2024-01-18T14:00:13","modified_gmt":"2024-01-18T12:00:13","slug":"formulaire-de-parrainage","status":"publish","type":"page","link":"https:\/\/www.epes-lb.org\/en\/formulaire-de-parrainage\/","title":{"rendered":"Sponsorship program"},"content":{"rendered":"\n<div style=\"height:100px\" aria-hidden=\"true\" class=\"wp-block-spacer\"><\/div>\n\n\n<div class=\"frm_forms  with_frm_style frm_style_style-formidable\" id=\"frm_form_5_container\" >\n<form enctype=\"multipart\/form-data\" method=\"post\" class=\"frm-show-form  frm_js_validate  frm_pro_form \" id=\"form_parrainage\" >\n<div class=\"frm_form_fields  frm_page_num_1\">\n<fieldset>\n<legend class=\"frm_screen_reader\">Formulaire de parrainage<\/legend>\r\n\r\n<div class=\"frm_fields_container\">\n<div class=\"frm_rootline_group\" role=\"group\" tabindex=\"0\" aria-label=\"Page 1 of 4\" ><ul class=\"frm_page_bar frm_rootline_4 frm_rootline frm_rootline_line  frm_show_lines frm_show_titles\"><li class=\"frm_rootline_single frm_current_page\"><input type=\"button\" value=\"1\" data-page=\"\" class=\" frm_page_1\" aria-disabled=\"true\" data-field=\"0\" aria-label=\"1 \u2013 DITES-NOUS EN PLUS SUR VOUS \u2026\"  \/><span class=\"frm_rootline_title\">1 \u2013 DITES-NOUS EN PLUS SUR VOUS \u2026<\/span><\/li><li class=\"frm_rootline_single\"><input type=\"button\" value=\"2\" data-page=\"26\" class=\"frm_page_skip frm_page_2\" data-field=\"63\" aria-label=\"2 \u2013 MON ADRESSE\"  \/><span class=\"frm_rootline_title\">2 \u2013 MON ADRESSE<\/span><\/li><li class=\"frm_rootline_single\"><input type=\"button\" value=\"3\" data-page=\"36\" class=\"frm_page_skip frm_page_3\" data-field=\"82\" aria-label=\"3 \u2013 MON PARRAINAGE \u2026\"  \/><span class=\"frm_rootline_title\">3 \u2013 MON PARRAINAGE \u2026<\/span><\/li>\t\t<li class=\"frm_rootline_single frm_rootline_show_hidden_steps_btn frm_hidden\">\n\t\t\t<input type=\"button\" class=\"frm_rootline_show_more_btn\" value=\"\u00b7\u00b7\u00b7\" \/>\n\t\t\t<ul class=\"frm_rootline_hidden_steps frm_hidden\"><\/ul>\n\t\t<\/li>\n\t\t<li class=\"frm_rootline_single\"><input type=\"button\" value=\"4\" data-page=\"50\" class=\"frm_page_skip frm_page_4\" data-field=\"129\" aria-label=\"4 \u2013 VALIDATION\"  \/><span class=\"frm_rootline_title\">4 \u2013 VALIDATION<\/span><\/li><\/ul><div class=\"frm_clearfix\"><\/div><\/div><input type=\"hidden\" name=\"frm_action\" value=\"create\" \/>\n<input type=\"hidden\" name=\"form_id\" value=\"5\" \/>\n<input type=\"hidden\" name=\"frm_hide_fields_5\" id=\"frm_hide_fields_5\" value=\"\" \/>\n<input type=\"hidden\" name=\"form_key\" value=\"parrainage\" \/>\n<input type=\"hidden\" name=\"item_meta[0]\" value=\"\" \/>\n<input type=\"hidden\" id=\"frm_submit_entry_5\" name=\"frm_submit_entry_5\" value=\"640ddc01ad\" \/><input type=\"hidden\" name=\"_wp_http_referer\" value=\"\/en\/wp-json\/wp\/v2\/pages\/3672\" \/>\t\t<input  type=\"hidden\" name=\"item_meta[125]\" id=\"field_lang__860b7da666\" value=\"en\"  data-frmval=\"en\"   \/>\n\t\t\t\t<input  type=\"hidden\" name=\"item_meta[49]\" id=\"field_onesime_session_id643de9515e\" value=\"\"     \/>\n\t\t\t\t<input  type=\"hidden\" name=\"item_meta[50]\" id=\"field_prop_idca3233727f\" value=\"\"     \/>\n\t\t\t\t<input  type=\"hidden\" name=\"item_meta[51]\" id=\"field_prop_title968a4db40a\" value=\"Sponsorship program\"     \/>\n\t\t\t\t<input  type=\"hidden\" name=\"item_meta[52]\" id=\"field_user_connected762d4d17b7\" value=\"false\"  data-frmval=\"false\"   \/>\n\t\t<div id=\"frm_field_53_container\" class=\"frm_form_field  frm_html_container form-field\"><strong>1 \u2013 Renseignements parrainage<\/strong><\/div>\n<div id=\"frm_field_136_container\" class=\"frm_form_field  frm_html_container form-field\">\n<p>Vous \u00eates sur le point de parrainer un \u00e9l\u00e8ve de l&#8217;EPES porteur de handicap \u00e0 Chnaniir au Liban et nous vous en remercions.<\/p>\n<p><b>Plus pr\u00e9cis\u00e9ment, comment fonctionne le programme de parrainage ?<\/b><br \/>Nous allons vous proposer de parrainer un \u00e9l\u00e8ve dans le besoin.<\/p>\n<p>Le parrainage se termine en principe \u00e0 la fin du parcours de l\u2019\u00e9l\u00e8ve \u00e0 l\u2019EPES. Vous \u00eates cependant libre d&#8217;interrompre le parrainage \u00e0 tout moment en nous envoyant un email \u00e0 l&#8217;adresse manal.abouaoun@epes-lb.org. Si cela est possible, merci de nous en informer quelque temps avant la fin du parrainage. Cela nous laissera le temps de trouver un autre parrain pour votre filleul.<\/p>\n<p>L\u2019EPES s\u2019engage \u00e0 informer imm\u00e9diatement le parrain si la scolarit\u00e9 est termin\u00e9e ou interrompue (l&#8217;\u00e9l\u00e8ve a fini son parcours \u00e0 l\u2019EPES ou a cess\u00e9 d&#8217;aller \u00e0 l&#8217;\u00e9cole, etc\u2026) ;<\/p>\n<p>Une fois que l&#8217;\u00e9l\u00e8ve a achev\u00e9 son parcours, l&#8217;EPES pourra vous <strong>proposer un nouvel \u00e9l\u00e8ve<\/strong> si vous souhaitez poursuivre votre assistance aupr\u00e8s d&#8217;un autre \u00e9l\u00e8ve.<\/p>\n<p>Vos dons serviront exclusivement \u00e0 <strong>financer la scolarit\u00e9 de l\u2019\u00e9l\u00e8ve dans son ensemble<\/strong>. Les familles et les \u00e9l\u00e8ves ne recevront pas de don d&#8217;argent en direct, mais l&#8217;EPES r\u00e8glera directement les frais pris en charge.<\/p>\n<p>Vous allez recevoir par email de la part de l&#8217;EPES, une <strong>lettre de l&#8217;\u00e9l\u00e8ve<\/strong> chaque trimestre, accompagn\u00e9e de <strong>nouvelles de l&#8217;\u00e9cole<\/strong>. En fonction des capacit\u00e9s de l\u2019\u00e9l\u00e8ve, cette lettre pourra comporter un dessin, du texte ou des photos.<\/p>\n<p>Toutes les communications passeront au pr\u00e9alable par l\u2019EPES. L&#8217;EPES se chargera \u00e9galement de la traduction si n\u00e9cessaire.<\/p>\n<p>Les contacts entre les \u00e9l\u00e8ves et leurs parrains passeront syst\u00e9matiquement par la m\u00e9diation de l\u2019EPES.<\/p>\n<p>Vous vous engagez \u00e0 ne communiquer d\u2019aucune mani\u00e8re \u00e0 des tiers les contenus transmis par l&#8217;EPES, ainsi que ses photos. Ces \u00e9l\u00e9ments restant strictement priv\u00e9s.<\/p>\n<p>Enfin, les dons sont encaiss\u00e9s par la Communaut\u00e9 du Chemin Neuf en France et revers\u00e9s int\u00e9gralement \u00e0 l\u2019EPES (NB : l\u2019EPES est administr\u00e9e par la Communaut\u00e9 du Chemin Neuf au Liban). Ces dons donneront lieu \u00e0 l&#8217;<strong>\u00e9mission d\u2019un re\u00e7u fiscal<\/strong> ouvrant droit \u00e0 des r\u00e9ductions d&#8217;imp\u00f4ts.<\/p>\n<p>Si vous avez besoin d&#8217;un re\u00e7u fiscal pour un autre pays que la France, merci de nous le pr\u00e9ciser dans le champ &#8220;Remarque&#8221; dans la rubrique &#8220;3 &#8211; Mon parrainage&#8221; Nous sommes en mesure de vous fournir un re\u00e7u fiscal si vous r\u00e9sidez dans les pays suivants : Angleterre, Espagne, Belgique, Italie, Suisse, Allemagne, Pologne et Canada.<\/p>\n<\/div>\n<div id=\"frm_field_141_container\" class=\"frm_form_field  frm_html_container form-field\">\n<p><strong>2 \u2013 Dites-nous en plus sur vous<\/strong><\/p>\n<\/div>\n<div id=\"frm_field_60_container\" class=\"frm_form_field form-field  frm_required_field frm_top_container frm12 vertical_radio\">\r\n    <div  id=\"field_gender6f27d6fb52_label\" class=\"frm_primary_label\">Civilit\u00e9\r\n        <span class=\"frm_required\">*<\/span>\r\n    <\/div>\r\n    <div class=\"frm_opt_container\" aria-labelledby=\"field_gender6f27d6fb52_label\" role=\"radiogroup\" aria-required=\"true\">\t\t<div class=\"frm_radio\" id=\"frm_radio_60-0\">\t\t\t<label  for=\"field_gender6f27d6fb52-0\">\n\t\t\t\t\t<input type=\"radio\" name=\"item_meta[60]\" id=\"field_gender6f27d6fb52-0\" value=\"M\"\n\t\tdata-options-capacity_scope=\"user\" data-reqmsg=\"Civilit\u00e9 cannot be blank.\" data-invmsg=\"Civilit\u00e9 est non valide\"   \/> Monsieur<\/label><\/div>\n\t\t<div class=\"frm_radio\" id=\"frm_radio_60-1\">\t\t\t<label  for=\"field_gender6f27d6fb52-1\">\n\t\t\t\t\t<input type=\"radio\" name=\"item_meta[60]\" id=\"field_gender6f27d6fb52-1\" value=\"F\"\n\t\tdata-options-capacity_scope=\"user\" data-reqmsg=\"Civilit\u00e9 cannot be blank.\" data-invmsg=\"Civilit\u00e9 est non valide\"   \/> Madame<\/label><\/div>\n<\/div>\r\n    \r\n    \r\n<\/div>\n<div id=\"frm_field_54_container\" class=\"frm_form_field form-field  frm_required_field frm_top_container frm_half\">\r\n    <label for=\"field_firstname726c2359ee\" id=\"field_firstname726c2359ee_label\" class=\"frm_primary_label\">Pr\u00e9nom\r\n        <span class=\"frm_required\">*<\/span>\r\n    <\/label>\r\n    <input  type=\"text\" id=\"field_firstname726c2359ee\" name=\"item_meta[54]\" value=\"\"  data-reqmsg=\"Pr\u00e9nom cannot be blank.\" aria-required=\"true\" data-invmsg=\"texte est non valide\" aria-invalid=\"false\"   \/>\r\n    \r\n    \r\n<\/div>\n<div id=\"frm_field_55_container\" class=\"frm_form_field form-field  frm_required_field frm_top_container frm_half\">\r\n    <label for=\"field_lastname2f7966bf7f\" id=\"field_lastname2f7966bf7f_label\" class=\"frm_primary_label\">Nom\r\n        <span class=\"frm_required\">*<\/span>\r\n    <\/label>\r\n    <input  type=\"text\" id=\"field_lastname2f7966bf7f\" name=\"item_meta[55]\" value=\"\"  data-reqmsg=\"Nom cannot be blank.\" aria-required=\"true\" data-invmsg=\"texte est non valide\" aria-invalid=\"false\"   \/>\r\n    \r\n    \r\n<\/div>\n<div id=\"frm_field_56_container\" class=\"frm_form_field form-field  frm_required_field frm_top_container frm_half\">\r\n    <label for=\"field_emaildcc96a5f9d\" id=\"field_emaildcc96a5f9d_label\" class=\"frm_primary_label\">Email\r\n        <span class=\"frm_required\">*<\/span>\r\n    <\/label>\r\n    <input type=\"email\" id=\"field_emaildcc96a5f9d\" name=\"item_meta[56]\" value=\"\"  data-reqmsg=\"Email cannot be blank.\" aria-required=\"true\" data-invmsg=\"Email non valide\" aria-invalid=\"false\"  \/>\r\n    \r\n    \r\n<\/div>\n<div id=\"frm_field_57_container\" class=\"frm_form_field form-field  frm_required_field frm_top_container frm_half\">\r\n    <label for=\"field_mobiled88ea5842775326077af\" id=\"field_mobiled88ea5842775326077af_label\" class=\"frm_primary_label\">T\u00e9l\u00e9phone\r\n        <span class=\"frm_required\">*<\/span>\r\n    <\/label>\r\n    <input type=\"tel\" id=\"field_mobiled88ea5842775326077af\" name=\"item_meta[57]\" value=\"\"  data-reqmsg=\"T\u00e9l\u00e9phone cannot be blank.\" aria-required=\"true\" data-invmsg=\"T\u00e9l\u00e9phone is invalid\" aria-invalid=\"false\" pattern=\"((\\+\\d{1,3}(-|.| )?\\(?\\d\\)?(-| |.)?\\d{1,5})|(\\(?\\d{2,6}\\)?))(-|.| )?(\\d{3,4})(-|.| )?(\\d{4})(( x| ext)\\d{1,5}){0,1}$\"  \/>\r\n    \r\n    \r\n<\/div>\n<input type=\"hidden\" name=\"frm_page_order_5\" id=\"frm_page_order_5\" value=\"26\" \/>\t\t<input  type=\"hidden\" name=\"item_meta[81]\" id=\"field_address4d61c39c6e\" value=\"\"     \/>\n\t\t\t\t<input  type=\"hidden\" name=\"item_meta[120]\" id=\"field_w9tll-0\" value=\"\"     \/>\n\t\t\t\t<input  type=\"hidden\" name=\"item_meta[82]\" id=\"field_7qugl97b6206970\" value=\"\"     \/>\n\t\t\t\t<input  type=\"hidden\" name=\"item_meta[133]\" id=\"field_b6nut-0\" value=\"\"     \/>\n\t\t\t\t<input  type=\"hidden\" name=\"item_meta[138]\" id=\"field_fdyu8-0\" value=\"\"     \/>\n\t\t\t\t<input  type=\"hidden\" name=\"item_meta[134]\" id=\"field_2uqqd-0\" value=\"\"     \/>\n\t\t\t\t<input  type=\"hidden\" name=\"item_meta[129]\" id=\"field_gd9pg\" value=\"\"     \/>\n\t\t\t\t<input  type=\"hidden\" name=\"item_meta[137]\" id=\"field_r7hu9\" value=\"\"     \/>\n\t\t\t<input type=\"hidden\" name=\"item_key\" value=\"\" \/>\n\t\t\t<div id=\"frm_field_143_container\">\n\t\t\t<label for=\"field_v5d0k\" >\n\t\t\t\tIf you are human, leave this field blank.\t\t\t<\/label>\n\t\t\t<input  id=\"field_v5d0k\" type=\"text\" class=\"frm_form_field form-field frm_verify\" name=\"item_meta[143]\" value=\"\"  \/>\n\t\t<\/div>\n\t\t<input name=\"frm_state\" type=\"hidden\" value=\"8fBfOfDPNaiSffPTu79XXPRZvFBwac927tS0EINuulf2z7aLug4wEIx\/LflC9ARa\" \/><div class=\"frm_submit\">\r\n\r\n<button class=\"frm_button_submit\" type=\"submit\"   formnovalidate=\"formnovalidate\">Suivant<\/button>\r\n\r\n<\/div><\/div>\n<\/fieldset>\n<\/div>\n\n<\/form>\n<\/div>\n","protected":false},"excerpt":{"rendered":"","protected":false},"author":15,"featured_media":0,"parent":0,"menu_order":0,"comment_status":"closed","ping_status":"closed","template":"","meta":{"_acf_changed":false,"footnotes":""},"class_list":["post-3672","page","type-page","status-publish","hentry"],"acf":[],"yoast_head":"<!-- This site is optimized with the Yoast SEO plugin v27.5 - https:\/\/yoast.com\/product\/yoast-seo-wordpress\/ -->\n<title>Sponsorship program - EPES Liban<\/title>\n<meta name=\"description\" content=\"Parrainer un \u00e9l\u00e8ve de l&#039;EPES !\" \/>\n<meta name=\"robots\" content=\"index, follow, max-snippet:-1, max-image-preview:large, max-video-preview:-1\" \/>\n<link rel=\"canonical\" href=\"https:\/\/www.epes-lb.org\/en\/formulaire-de-parrainage\/\" \/>\n<meta property=\"og:locale\" content=\"en_US\" \/>\n<meta property=\"og:type\" content=\"article\" \/>\n<meta property=\"og:title\" content=\"Sponsorship program - EPES Liban\" \/>\n<meta property=\"og:description\" content=\"Parrainer un \u00e9l\u00e8ve de l&#039;EPES !\" \/>\n<meta property=\"og:url\" content=\"https:\/\/www.epes-lb.org\/en\/formulaire-de-parrainage\/\" \/>\n<meta property=\"og:site_name\" content=\"EPES Liban\" \/>\n<meta property=\"article:publisher\" content=\"https:\/\/www.facebook.com\/profile.php?id=100079689706739\" \/>\n<meta property=\"article:modified_time\" content=\"2024-01-18T12:00:13+00:00\" \/>\n<meta name=\"twitter:card\" content=\"summary_large_image\" \/>\n<meta name=\"twitter:label1\" content=\"Est. reading time\" \/>\n\t<meta name=\"twitter:data1\" content=\"1 minute\" \/>\n<script type=\"application\/ld+json\" class=\"yoast-schema-graph\">{\"@context\":\"https:\\\/\\\/schema.org\",\"@graph\":[{\"@type\":\"WebPage\",\"@id\":\"https:\\\/\\\/www.epes-lb.org\\\/en\\\/formulaire-de-parrainage\\\/\",\"url\":\"https:\\\/\\\/www.epes-lb.org\\\/en\\\/formulaire-de-parrainage\\\/\",\"name\":\"Sponsorship program - EPES Liban\",\"isPartOf\":{\"@id\":\"https:\\\/\\\/www.epes-lb.org\\\/en\\\/#website\"},\"datePublished\":\"2023-12-14T13:42:01+00:00\",\"dateModified\":\"2024-01-18T12:00:13+00:00\",\"description\":\"Parrainer un \u00e9l\u00e8ve de l'EPES !\",\"breadcrumb\":{\"@id\":\"https:\\\/\\\/www.epes-lb.org\\\/en\\\/formulaire-de-parrainage\\\/#breadcrumb\"},\"inLanguage\":\"en-US\",\"potentialAction\":[{\"@type\":\"ReadAction\",\"target\":[\"https:\\\/\\\/www.epes-lb.org\\\/en\\\/formulaire-de-parrainage\\\/\"]}]},{\"@type\":\"BreadcrumbList\",\"@id\":\"https:\\\/\\\/www.epes-lb.org\\\/en\\\/formulaire-de-parrainage\\\/#breadcrumb\",\"itemListElement\":[{\"@type\":\"ListItem\",\"position\":1,\"name\":\"Home\",\"item\":\"https:\\\/\\\/www.epes-lb.org\\\/en\\\/\"},{\"@type\":\"ListItem\",\"position\":2,\"name\":\"Sponsorship program\"}]},{\"@type\":\"WebSite\",\"@id\":\"https:\\\/\\\/www.epes-lb.org\\\/en\\\/#website\",\"url\":\"https:\\\/\\\/www.epes-lb.org\\\/en\\\/\",\"name\":\"EPES Liban\",\"description\":\"EPES, anim\u00e9 par la Communaut\u00e9 du Chemin Neuf au Liban\",\"publisher\":{\"@id\":\"https:\\\/\\\/www.epes-lb.org\\\/en\\\/#organization\"},\"potentialAction\":[{\"@type\":\"SearchAction\",\"target\":{\"@type\":\"EntryPoint\",\"urlTemplate\":\"https:\\\/\\\/www.epes-lb.org\\\/en\\\/?s={search_term_string}\"},\"query-input\":{\"@type\":\"PropertyValueSpecification\",\"valueRequired\":true,\"valueName\":\"search_term_string\"}}],\"inLanguage\":\"en-US\"},{\"@type\":\"Organization\",\"@id\":\"https:\\\/\\\/www.epes-lb.org\\\/en\\\/#organization\",\"name\":\"EPES Liban\",\"url\":\"https:\\\/\\\/www.epes-lb.org\\\/en\\\/\",\"logo\":{\"@type\":\"ImageObject\",\"inLanguage\":\"en-US\",\"@id\":\"https:\\\/\\\/www.epes-lb.org\\\/en\\\/#\\\/schema\\\/logo\\\/image\\\/\",\"url\":\"https:\\\/\\\/www.epes-lb.org\\\/wp-content\\\/uploads\\\/2023\\\/12\\\/Logo-EPES-couleur-sans-fond.png\",\"contentUrl\":\"https:\\\/\\\/www.epes-lb.org\\\/wp-content\\\/uploads\\\/2023\\\/12\\\/Logo-EPES-couleur-sans-fond.png\",\"width\":498,\"height\":501,\"caption\":\"EPES Liban\"},\"image\":{\"@id\":\"https:\\\/\\\/www.epes-lb.org\\\/en\\\/#\\\/schema\\\/logo\\\/image\\\/\"},\"sameAs\":[\"https:\\\/\\\/www.facebook.com\\\/profile.php?id=100079689706739\",\"https:\\\/\\\/www.instagram.com\\\/epes.lb\\\/?igshid=OGQ5ZDc2ODk2ZA\"]}]}<\/script>\n<!-- \/ Yoast SEO plugin. -->","yoast_head_json":{"title":"Sponsorship program - EPES Liban","description":"Parrainer un \u00e9l\u00e8ve de l'EPES !","robots":{"index":"index","follow":"follow","max-snippet":"max-snippet:-1","max-image-preview":"max-image-preview:large","max-video-preview":"max-video-preview:-1"},"canonical":"https:\/\/www.epes-lb.org\/en\/formulaire-de-parrainage\/","og_locale":"en_US","og_type":"article","og_title":"Sponsorship program - EPES Liban","og_description":"Parrainer un \u00e9l\u00e8ve de l'EPES !","og_url":"https:\/\/www.epes-lb.org\/en\/formulaire-de-parrainage\/","og_site_name":"EPES Liban","article_publisher":"https:\/\/www.facebook.com\/profile.php?id=100079689706739","article_modified_time":"2024-01-18T12:00:13+00:00","twitter_card":"summary_large_image","twitter_misc":{"Est. reading time":"1 minute"},"schema":{"@context":"https:\/\/schema.org","@graph":[{"@type":"WebPage","@id":"https:\/\/www.epes-lb.org\/en\/formulaire-de-parrainage\/","url":"https:\/\/www.epes-lb.org\/en\/formulaire-de-parrainage\/","name":"Sponsorship program - EPES Liban","isPartOf":{"@id":"https:\/\/www.epes-lb.org\/en\/#website"},"datePublished":"2023-12-14T13:42:01+00:00","dateModified":"2024-01-18T12:00:13+00:00","description":"Parrainer un \u00e9l\u00e8ve de l'EPES !","breadcrumb":{"@id":"https:\/\/www.epes-lb.org\/en\/formulaire-de-parrainage\/#breadcrumb"},"inLanguage":"en-US","potentialAction":[{"@type":"ReadAction","target":["https:\/\/www.epes-lb.org\/en\/formulaire-de-parrainage\/"]}]},{"@type":"BreadcrumbList","@id":"https:\/\/www.epes-lb.org\/en\/formulaire-de-parrainage\/#breadcrumb","itemListElement":[{"@type":"ListItem","position":1,"name":"Home","item":"https:\/\/www.epes-lb.org\/en\/"},{"@type":"ListItem","position":2,"name":"Sponsorship program"}]},{"@type":"WebSite","@id":"https:\/\/www.epes-lb.org\/en\/#website","url":"https:\/\/www.epes-lb.org\/en\/","name":"EPES Liban","description":"EPES, anim\u00e9 par la Communaut\u00e9 du Chemin Neuf au Liban","publisher":{"@id":"https:\/\/www.epes-lb.org\/en\/#organization"},"potentialAction":[{"@type":"SearchAction","target":{"@type":"EntryPoint","urlTemplate":"https:\/\/www.epes-lb.org\/en\/?s={search_term_string}"},"query-input":{"@type":"PropertyValueSpecification","valueRequired":true,"valueName":"search_term_string"}}],"inLanguage":"en-US"},{"@type":"Organization","@id":"https:\/\/www.epes-lb.org\/en\/#organization","name":"EPES Liban","url":"https:\/\/www.epes-lb.org\/en\/","logo":{"@type":"ImageObject","inLanguage":"en-US","@id":"https:\/\/www.epes-lb.org\/en\/#\/schema\/logo\/image\/","url":"https:\/\/www.epes-lb.org\/wp-content\/uploads\/2023\/12\/Logo-EPES-couleur-sans-fond.png","contentUrl":"https:\/\/www.epes-lb.org\/wp-content\/uploads\/2023\/12\/Logo-EPES-couleur-sans-fond.png","width":498,"height":501,"caption":"EPES Liban"},"image":{"@id":"https:\/\/www.epes-lb.org\/en\/#\/schema\/logo\/image\/"},"sameAs":["https:\/\/www.facebook.com\/profile.php?id=100079689706739","https:\/\/www.instagram.com\/epes.lb\/?igshid=OGQ5ZDc2ODk2ZA"]}]}},"_links":{"self":[{"href":"https:\/\/www.epes-lb.org\/en\/wp-json\/wp\/v2\/pages\/3672","targetHints":{"allow":["GET"]}}],"collection":[{"href":"https:\/\/www.epes-lb.org\/en\/wp-json\/wp\/v2\/pages"}],"about":[{"href":"https:\/\/www.epes-lb.org\/en\/wp-json\/wp\/v2\/types\/page"}],"author":[{"embeddable":true,"href":"https:\/\/www.epes-lb.org\/en\/wp-json\/wp\/v2\/users\/15"}],"replies":[{"embeddable":true,"href":"https:\/\/www.epes-lb.org\/en\/wp-json\/wp\/v2\/comments?post=3672"}],"version-history":[{"count":3,"href":"https:\/\/www.epes-lb.org\/en\/wp-json\/wp\/v2\/pages\/3672\/revisions"}],"predecessor-version":[{"id":3734,"href":"https:\/\/www.epes-lb.org\/en\/wp-json\/wp\/v2\/pages\/3672\/revisions\/3734"}],"wp:attachment":[{"href":"https:\/\/www.epes-lb.org\/en\/wp-json\/wp\/v2\/media?parent=3672"}],"curies":[{"name":"wp","href":"https:\/\/api.w.org\/{rel}","templated":true}]}}