{"id":3704,"date":"2024-01-18T12:35:34","date_gmt":"2024-01-18T10:35:34","guid":{"rendered":"https:\/\/www.epes-lb.org\/about-us__trashed\/our-objectives\/"},"modified":"2025-10-01T14:21:43","modified_gmt":"2025-10-01T11:21:43","slug":"our-objectives","status":"publish","type":"page","link":"http:\/\/www.epes-lb.org\/en\/about-us\/our-objectives\/","title":{"rendered":"Our objectives"},"content":{"rendered":"\n<p class=\"has-text-align-center has-orange-color has-text-color has-normal-font-size\"><\/p>\n\n\n\n<p><\/p>\n\n\n\n<p class=\"has-drop-cap\" style=\"font-style:normal;font-weight:300\">At EPES, our goal is to help each young person and their family achieve a dream: becoming a fulfilled, independent, and active member of society, relying on their own abilities and acquiring essential life skills.<br><\/p>\n\n\n\n<div class=\"wp-block-media-text is-stacked-on-mobile\"><figure class=\"wp-block-media-text__media\"><img loading=\"lazy\" decoding=\"async\" width=\"768\" height=\"1024\" src=\"http:\/\/www.epes-lb.org\/wp-content\/uploads\/2025\/10\/Photo-5-Elie-768x1024.jpg\" alt=\"\" class=\"wp-image-3941 size-full\" srcset=\"http:\/\/www.epes-lb.org\/wp-content\/uploads\/2025\/10\/Photo-5-Elie-768x1024.jpg 768w, http:\/\/www.epes-lb.org\/wp-content\/uploads\/2025\/10\/Photo-5-Elie-225x300.jpg 225w, http:\/\/www.epes-lb.org\/wp-content\/uploads\/2025\/10\/Photo-5-Elie-1152x1536.jpg 1152w, http:\/\/www.epes-lb.org\/wp-content\/uploads\/2025\/10\/Photo-5-Elie-1536x2048.jpg 1536w, http:\/\/www.epes-lb.org\/wp-content\/uploads\/2025\/10\/Photo-5-Elie-500x667.jpg 500w, http:\/\/www.epes-lb.org\/wp-content\/uploads\/2025\/10\/Photo-5-Elie-800x1067.jpg 800w, http:\/\/www.epes-lb.org\/wp-content\/uploads\/2025\/10\/Photo-5-Elie-1280x1707.jpg 1280w, http:\/\/www.epes-lb.org\/wp-content\/uploads\/2025\/10\/Photo-5-Elie-scaled.jpg 1920w\" sizes=\"auto, (max-width: 768px) 100vw, 768px\" \/><\/figure><div class=\"wp-block-media-text__content\">\n<p>Concretely, we work to:<\/p>\n\n\n\n<p style=\"font-style:normal;font-weight:300\"><strong>Support each young person\u2019s growth<\/strong> through a personalized program adapted to their needs and pace.<\/p>\n\n\n\n<p><strong>Create a caring and welcoming environment<\/strong>, filled with love and tolerance, where differences are valued and each person\u2019s talents can be expressed and recognized.<\/p>\n\n\n\n<p><strong>Support parents throughout the journey<\/strong>, helping them fulfill their role, guiding them, and surrounding them with a specialized team that walks alongside them.<\/p>\n<\/div><\/div>\n\n\n\n<p><\/p>\n","protected":false},"excerpt":{"rendered":"<p>At EPES, our goal is to help each young person and their family achieve a dream: becoming a fulfilled, independent, and active member of society, relying on their own abilities and acquiring essential life skills. Concretely, we work to: Support each young person\u2019s growth through a personalized program adapted to their needs and pace. Create [&hellip;]<\/p>\n","protected":false},"author":15,"featured_media":3210,"parent":1985,"menu_order":2,"comment_status":"closed","ping_status":"closed","template":"","meta":{"_acf_changed":false,"footnotes":""},"class_list":["post-3704","page","type-page","status-publish","has-post-thumbnail","hentry"],"acf":[],"yoast_head":"<!-- This site is optimized with the Yoast SEO plugin v27.5 - https:\/\/yoast.com\/product\/yoast-seo-wordpress\/ -->\n<title>Our objectives - EPES Liban<\/title>\n<meta name=\"description\" content=\"At EPES, our goal is to help each young person and their family achieve a dream: becoming a fulfilled, independent, and active member of society, relying L\u2019EPES a \u00e9t\u00e9 \u00e9tabli le 07 d\u00e9cembre 1992 comme organisation \u00e0 but non lucratif sous le num\u00e9ro 484\/AD selon l\u2019accord du Ministre des Affaires Sociales. Son objectif principal consiste \u00e0 prendre soin des personnes ayant des besoins sp\u00e9ciaux, et plus pr\u00e9cis\u00e9ment ceux qui souffrent de troubles mentaux l\u00e9gers ou mod\u00e9r\u00e9s. L\u2019association accueille des jeunes de diff\u00e9rentes r\u00e9gions et de diff\u00e9rentes nationalit\u00e9s. En septembre 2021, EPES est pass\u00e9e sous la tutelle de la communaut\u00e9 spirituelle connue sous le nom de la \u00ab Communaut\u00e9 du Chemin Neuf \u00bb - CCN. La communaut\u00e9 prend en charge la gestion de l\u2019\u00e9cole afin de mieux servir les enfants en besoin au cours de chaque \u00e9tape de leur vie et de leur d\u00e9veloppement.\" \/>\n<meta name=\"robots\" content=\"index, follow, max-snippet:-1, max-image-preview:large, max-video-preview:-1\" \/>\n<link rel=\"canonical\" href=\"http:\/\/www.epes-lb.org\/en\/about-us\/our-objectives\/\" \/>\n<meta property=\"og:locale\" content=\"en_US\" \/>\n<meta property=\"og:type\" content=\"article\" \/>\n<meta property=\"og:title\" content=\"Our objectives - EPES Liban\" \/>\n<meta property=\"og:description\" content=\"At EPES, our goal is to help each young person and their family achieve a dream: becoming a fulfilled, independent, and active member of society, relying L\u2019EPES a \u00e9t\u00e9 \u00e9tabli le 07 d\u00e9cembre 1992 comme organisation \u00e0 but non lucratif sous le num\u00e9ro 484\/AD selon l\u2019accord du Ministre des Affaires Sociales. Son objectif principal consiste \u00e0 prendre soin des personnes ayant des besoins sp\u00e9ciaux, et plus pr\u00e9cis\u00e9ment ceux qui souffrent de troubles mentaux l\u00e9gers ou mod\u00e9r\u00e9s. L\u2019association accueille des jeunes de diff\u00e9rentes r\u00e9gions et de diff\u00e9rentes nationalit\u00e9s. En septembre 2021, EPES est pass\u00e9e sous la tutelle de la communaut\u00e9 spirituelle connue sous le nom de la \u00ab Communaut\u00e9 du Chemin Neuf \u00bb - CCN. La communaut\u00e9 prend en charge la gestion de l\u2019\u00e9cole afin de mieux servir les enfants en besoin au cours de chaque \u00e9tape de leur vie et de leur d\u00e9veloppement.\" \/>\n<meta property=\"og:url\" content=\"http:\/\/www.epes-lb.org\/en\/about-us\/our-objectives\/\" \/>\n<meta property=\"og:site_name\" content=\"EPES Liban\" \/>\n<meta property=\"article:publisher\" content=\"https:\/\/www.facebook.com\/profile.php?id=100079689706739\" \/>\n<meta property=\"article:modified_time\" content=\"2025-10-01T11:21:43+00:00\" \/>\n<meta property=\"og:image\" content=\"http:\/\/www.epes-lb.org\/wp-content\/uploads\/2023\/12\/coucher-de-soleil-scaled.jpg\" \/>\n\t<meta property=\"og:image:width\" content=\"2560\" \/>\n\t<meta property=\"og:image:height\" content=\"1920\" \/>\n\t<meta property=\"og:image:type\" content=\"image\/jpeg\" \/>\n<meta name=\"twitter:card\" content=\"summary_large_image\" \/>\n<meta name=\"twitter:label1\" content=\"Est. reading time\" \/>\n\t<meta name=\"twitter:data1\" content=\"1 minute\" \/>\n<script type=\"application\/ld+json\" class=\"yoast-schema-graph\">{\"@context\":\"https:\\\/\\\/schema.org\",\"@graph\":[{\"@type\":\"WebPage\",\"@id\":\"http:\\\/\\\/www.epes-lb.org\\\/en\\\/about-us\\\/our-objectives\\\/\",\"url\":\"http:\\\/\\\/www.epes-lb.org\\\/en\\\/about-us\\\/our-objectives\\\/\",\"name\":\"Our objectives - EPES Liban\",\"isPartOf\":{\"@id\":\"https:\\\/\\\/www.epes-lb.org\\\/en\\\/#website\"},\"primaryImageOfPage\":{\"@id\":\"http:\\\/\\\/www.epes-lb.org\\\/en\\\/about-us\\\/our-objectives\\\/#primaryimage\"},\"image\":{\"@id\":\"http:\\\/\\\/www.epes-lb.org\\\/en\\\/about-us\\\/our-objectives\\\/#primaryimage\"},\"thumbnailUrl\":\"http:\\\/\\\/www.epes-lb.org\\\/wp-content\\\/uploads\\\/2023\\\/12\\\/coucher-de-soleil-scaled.jpg\",\"datePublished\":\"2024-01-18T10:35:34+00:00\",\"dateModified\":\"2025-10-01T11:21:43+00:00\",\"description\":\"At EPES, our goal is to help each young person and their family achieve a dream: becoming a fulfilled, independent, and active member of society, relying L\u2019EPES a \u00e9t\u00e9 \u00e9tabli le 07 d\u00e9cembre 1992 comme organisation \u00e0 but non lucratif sous le num\u00e9ro 484\\\/AD selon l\u2019accord du Ministre des Affaires Sociales. Son objectif principal consiste \u00e0 prendre soin des personnes ayant des besoins sp\u00e9ciaux, et plus pr\u00e9cis\u00e9ment ceux qui souffrent de troubles mentaux l\u00e9gers ou mod\u00e9r\u00e9s. L\u2019association accueille des jeunes de diff\u00e9rentes r\u00e9gions et de diff\u00e9rentes nationalit\u00e9s. En septembre 2021, EPES est pass\u00e9e sous la tutelle de la communaut\u00e9 spirituelle connue sous le nom de la \u00ab Communaut\u00e9 du Chemin Neuf \u00bb - CCN. La communaut\u00e9 prend en charge la gestion de l\u2019\u00e9cole afin de mieux servir les enfants en besoin au cours de chaque \u00e9tape de leur vie et de leur d\u00e9veloppement.\",\"breadcrumb\":{\"@id\":\"http:\\\/\\\/www.epes-lb.org\\\/en\\\/about-us\\\/our-objectives\\\/#breadcrumb\"},\"inLanguage\":\"en-US\",\"potentialAction\":[{\"@type\":\"ReadAction\",\"target\":[\"http:\\\/\\\/www.epes-lb.org\\\/en\\\/about-us\\\/our-objectives\\\/\"]}]},{\"@type\":\"ImageObject\",\"inLanguage\":\"en-US\",\"@id\":\"http:\\\/\\\/www.epes-lb.org\\\/en\\\/about-us\\\/our-objectives\\\/#primaryimage\",\"url\":\"http:\\\/\\\/www.epes-lb.org\\\/wp-content\\\/uploads\\\/2023\\\/12\\\/coucher-de-soleil-scaled.jpg\",\"contentUrl\":\"http:\\\/\\\/www.epes-lb.org\\\/wp-content\\\/uploads\\\/2023\\\/12\\\/coucher-de-soleil-scaled.jpg\",\"width\":2560,\"height\":1920},{\"@type\":\"BreadcrumbList\",\"@id\":\"http:\\\/\\\/www.epes-lb.org\\\/en\\\/about-us\\\/our-objectives\\\/#breadcrumb\",\"itemListElement\":[{\"@type\":\"ListItem\",\"position\":1,\"name\":\"Home\",\"item\":\"https:\\\/\\\/www.epes-lb.org\\\/en\\\/\"},{\"@type\":\"ListItem\",\"position\":2,\"name\":\"ABOUT US\",\"item\":\"https:\\\/\\\/www.epes-lb.org\\\/en\\\/about-us\\\/\"},{\"@type\":\"ListItem\",\"position\":3,\"name\":\"Our objectives\"}]},{\"@type\":\"WebSite\",\"@id\":\"https:\\\/\\\/www.epes-lb.org\\\/en\\\/#website\",\"url\":\"https:\\\/\\\/www.epes-lb.org\\\/en\\\/\",\"name\":\"EPES Liban\",\"description\":\"EPES, anim\u00e9 par la Communaut\u00e9 du Chemin Neuf au Liban\",\"publisher\":{\"@id\":\"https:\\\/\\\/www.epes-lb.org\\\/en\\\/#organization\"},\"potentialAction\":[{\"@type\":\"SearchAction\",\"target\":{\"@type\":\"EntryPoint\",\"urlTemplate\":\"https:\\\/\\\/www.epes-lb.org\\\/en\\\/?s={search_term_string}\"},\"query-input\":{\"@type\":\"PropertyValueSpecification\",\"valueRequired\":true,\"valueName\":\"search_term_string\"}}],\"inLanguage\":\"en-US\"},{\"@type\":\"Organization\",\"@id\":\"https:\\\/\\\/www.epes-lb.org\\\/en\\\/#organization\",\"name\":\"EPES Liban\",\"url\":\"https:\\\/\\\/www.epes-lb.org\\\/en\\\/\",\"logo\":{\"@type\":\"ImageObject\",\"inLanguage\":\"en-US\",\"@id\":\"https:\\\/\\\/www.epes-lb.org\\\/en\\\/#\\\/schema\\\/logo\\\/image\\\/\",\"url\":\"https:\\\/\\\/www.epes-lb.org\\\/wp-content\\\/uploads\\\/2023\\\/12\\\/Logo-EPES-couleur-sans-fond.png\",\"contentUrl\":\"https:\\\/\\\/www.epes-lb.org\\\/wp-content\\\/uploads\\\/2023\\\/12\\\/Logo-EPES-couleur-sans-fond.png\",\"width\":498,\"height\":501,\"caption\":\"EPES Liban\"},\"image\":{\"@id\":\"https:\\\/\\\/www.epes-lb.org\\\/en\\\/#\\\/schema\\\/logo\\\/image\\\/\"},\"sameAs\":[\"https:\\\/\\\/www.facebook.com\\\/profile.php?id=100079689706739\",\"https:\\\/\\\/www.instagram.com\\\/epes.lb\\\/?igshid=OGQ5ZDc2ODk2ZA\"]}]}<\/script>\n<!-- \/ Yoast SEO plugin. -->","yoast_head_json":{"title":"Our objectives - EPES Liban","description":"At EPES, our goal is to help each young person and their family achieve a dream: becoming a fulfilled, independent, and active member of society, relying L\u2019EPES a \u00e9t\u00e9 \u00e9tabli le 07 d\u00e9cembre 1992 comme organisation \u00e0 but non lucratif sous le num\u00e9ro 484\/AD selon l\u2019accord du Ministre des Affaires Sociales. Son objectif principal consiste \u00e0 prendre soin des personnes ayant des besoins sp\u00e9ciaux, et plus pr\u00e9cis\u00e9ment ceux qui souffrent de troubles mentaux l\u00e9gers ou mod\u00e9r\u00e9s. L\u2019association accueille des jeunes de diff\u00e9rentes r\u00e9gions et de diff\u00e9rentes nationalit\u00e9s. En septembre 2021, EPES est pass\u00e9e sous la tutelle de la communaut\u00e9 spirituelle connue sous le nom de la \u00ab Communaut\u00e9 du Chemin Neuf \u00bb - CCN. La communaut\u00e9 prend en charge la gestion de l\u2019\u00e9cole afin de mieux servir les enfants en besoin au cours de chaque \u00e9tape de leur vie et de leur d\u00e9veloppement.","robots":{"index":"index","follow":"follow","max-snippet":"max-snippet:-1","max-image-preview":"max-image-preview:large","max-video-preview":"max-video-preview:-1"},"canonical":"http:\/\/www.epes-lb.org\/en\/about-us\/our-objectives\/","og_locale":"en_US","og_type":"article","og_title":"Our objectives - EPES Liban","og_description":"At EPES, our goal is to help each young person and their family achieve a dream: becoming a fulfilled, independent, and active member of society, relying L\u2019EPES a \u00e9t\u00e9 \u00e9tabli le 07 d\u00e9cembre 1992 comme organisation \u00e0 but non lucratif sous le num\u00e9ro 484\/AD selon l\u2019accord du Ministre des Affaires Sociales. Son objectif principal consiste \u00e0 prendre soin des personnes ayant des besoins sp\u00e9ciaux, et plus pr\u00e9cis\u00e9ment ceux qui souffrent de troubles mentaux l\u00e9gers ou mod\u00e9r\u00e9s. L\u2019association accueille des jeunes de diff\u00e9rentes r\u00e9gions et de diff\u00e9rentes nationalit\u00e9s. En septembre 2021, EPES est pass\u00e9e sous la tutelle de la communaut\u00e9 spirituelle connue sous le nom de la \u00ab Communaut\u00e9 du Chemin Neuf \u00bb - CCN. La communaut\u00e9 prend en charge la gestion de l\u2019\u00e9cole afin de mieux servir les enfants en besoin au cours de chaque \u00e9tape de leur vie et de leur d\u00e9veloppement.","og_url":"http:\/\/www.epes-lb.org\/en\/about-us\/our-objectives\/","og_site_name":"EPES Liban","article_publisher":"https:\/\/www.facebook.com\/profile.php?id=100079689706739","article_modified_time":"2025-10-01T11:21:43+00:00","og_image":[{"width":2560,"height":1920,"url":"http:\/\/www.epes-lb.org\/wp-content\/uploads\/2023\/12\/coucher-de-soleil-scaled.jpg","type":"image\/jpeg"}],"twitter_card":"summary_large_image","twitter_misc":{"Est. reading time":"1 minute"},"schema":{"@context":"https:\/\/schema.org","@graph":[{"@type":"WebPage","@id":"http:\/\/www.epes-lb.org\/en\/about-us\/our-objectives\/","url":"http:\/\/www.epes-lb.org\/en\/about-us\/our-objectives\/","name":"Our objectives - EPES Liban","isPartOf":{"@id":"https:\/\/www.epes-lb.org\/en\/#website"},"primaryImageOfPage":{"@id":"http:\/\/www.epes-lb.org\/en\/about-us\/our-objectives\/#primaryimage"},"image":{"@id":"http:\/\/www.epes-lb.org\/en\/about-us\/our-objectives\/#primaryimage"},"thumbnailUrl":"http:\/\/www.epes-lb.org\/wp-content\/uploads\/2023\/12\/coucher-de-soleil-scaled.jpg","datePublished":"2024-01-18T10:35:34+00:00","dateModified":"2025-10-01T11:21:43+00:00","description":"At EPES, our goal is to help each young person and their family achieve a dream: becoming a fulfilled, independent, and active member of society, relying L\u2019EPES a \u00e9t\u00e9 \u00e9tabli le 07 d\u00e9cembre 1992 comme organisation \u00e0 but non lucratif sous le num\u00e9ro 484\/AD selon l\u2019accord du Ministre des Affaires Sociales. Son objectif principal consiste \u00e0 prendre soin des personnes ayant des besoins sp\u00e9ciaux, et plus pr\u00e9cis\u00e9ment ceux qui souffrent de troubles mentaux l\u00e9gers ou mod\u00e9r\u00e9s. L\u2019association accueille des jeunes de diff\u00e9rentes r\u00e9gions et de diff\u00e9rentes nationalit\u00e9s. En septembre 2021, EPES est pass\u00e9e sous la tutelle de la communaut\u00e9 spirituelle connue sous le nom de la \u00ab Communaut\u00e9 du Chemin Neuf \u00bb - CCN. La communaut\u00e9 prend en charge la gestion de l\u2019\u00e9cole afin de mieux servir les enfants en besoin au cours de chaque \u00e9tape de leur vie et de leur d\u00e9veloppement.","breadcrumb":{"@id":"http:\/\/www.epes-lb.org\/en\/about-us\/our-objectives\/#breadcrumb"},"inLanguage":"en-US","potentialAction":[{"@type":"ReadAction","target":["http:\/\/www.epes-lb.org\/en\/about-us\/our-objectives\/"]}]},{"@type":"ImageObject","inLanguage":"en-US","@id":"http:\/\/www.epes-lb.org\/en\/about-us\/our-objectives\/#primaryimage","url":"http:\/\/www.epes-lb.org\/wp-content\/uploads\/2023\/12\/coucher-de-soleil-scaled.jpg","contentUrl":"http:\/\/www.epes-lb.org\/wp-content\/uploads\/2023\/12\/coucher-de-soleil-scaled.jpg","width":2560,"height":1920},{"@type":"BreadcrumbList","@id":"http:\/\/www.epes-lb.org\/en\/about-us\/our-objectives\/#breadcrumb","itemListElement":[{"@type":"ListItem","position":1,"name":"Home","item":"https:\/\/www.epes-lb.org\/en\/"},{"@type":"ListItem","position":2,"name":"ABOUT US","item":"https:\/\/www.epes-lb.org\/en\/about-us\/"},{"@type":"ListItem","position":3,"name":"Our objectives"}]},{"@type":"WebSite","@id":"https:\/\/www.epes-lb.org\/en\/#website","url":"https:\/\/www.epes-lb.org\/en\/","name":"EPES Liban","description":"EPES, anim\u00e9 par la Communaut\u00e9 du Chemin Neuf au Liban","publisher":{"@id":"https:\/\/www.epes-lb.org\/en\/#organization"},"potentialAction":[{"@type":"SearchAction","target":{"@type":"EntryPoint","urlTemplate":"https:\/\/www.epes-lb.org\/en\/?s={search_term_string}"},"query-input":{"@type":"PropertyValueSpecification","valueRequired":true,"valueName":"search_term_string"}}],"inLanguage":"en-US"},{"@type":"Organization","@id":"https:\/\/www.epes-lb.org\/en\/#organization","name":"EPES Liban","url":"https:\/\/www.epes-lb.org\/en\/","logo":{"@type":"ImageObject","inLanguage":"en-US","@id":"https:\/\/www.epes-lb.org\/en\/#\/schema\/logo\/image\/","url":"https:\/\/www.epes-lb.org\/wp-content\/uploads\/2023\/12\/Logo-EPES-couleur-sans-fond.png","contentUrl":"https:\/\/www.epes-lb.org\/wp-content\/uploads\/2023\/12\/Logo-EPES-couleur-sans-fond.png","width":498,"height":501,"caption":"EPES Liban"},"image":{"@id":"https:\/\/www.epes-lb.org\/en\/#\/schema\/logo\/image\/"},"sameAs":["https:\/\/www.facebook.com\/profile.php?id=100079689706739","https:\/\/www.instagram.com\/epes.lb\/?igshid=OGQ5ZDc2ODk2ZA"]}]}},"_links":{"self":[{"href":"http:\/\/www.epes-lb.org\/en\/wp-json\/wp\/v2\/pages\/3704","targetHints":{"allow":["GET"]}}],"collection":[{"href":"http:\/\/www.epes-lb.org\/en\/wp-json\/wp\/v2\/pages"}],"about":[{"href":"http:\/\/www.epes-lb.org\/en\/wp-json\/wp\/v2\/types\/page"}],"author":[{"embeddable":true,"href":"http:\/\/www.epes-lb.org\/en\/wp-json\/wp\/v2\/users\/15"}],"replies":[{"embeddable":true,"href":"http:\/\/www.epes-lb.org\/en\/wp-json\/wp\/v2\/comments?post=3704"}],"version-history":[{"count":9,"href":"http:\/\/www.epes-lb.org\/en\/wp-json\/wp\/v2\/pages\/3704\/revisions"}],"predecessor-version":[{"id":3975,"href":"http:\/\/www.epes-lb.org\/en\/wp-json\/wp\/v2\/pages\/3704\/revisions\/3975"}],"up":[{"embeddable":true,"href":"http:\/\/www.epes-lb.org\/en\/wp-json\/wp\/v2\/pages\/1985"}],"wp:featuredmedia":[{"embeddable":true,"href":"http:\/\/www.epes-lb.org\/en\/wp-json\/wp\/v2\/media\/3210"}],"wp:attachment":[{"href":"http:\/\/www.epes-lb.org\/en\/wp-json\/wp\/v2\/media?parent=3704"}],"curies":[{"name":"wp","href":"https:\/\/api.w.org\/{rel}","templated":true}]}}